{"id":99,"date":"2014-08-08T17:35:23","date_gmt":"2014-08-08T14:35:23","guid":{"rendered":"http:\/\/hevoniemi.mainostoimistomuu.fi\/?page_id=99"},"modified":"2020-12-29T12:25:33","modified_gmt":"2020-12-29T10:25:33","slug":"lily-of-oaklands","status":"publish","type":"page","link":"https:\/\/www.hevoniemi.com\/?page_id=99","title":{"rendered":"Lily of Oaklands"},"content":{"rendered":"<h3><a href=\"http:\/\/www.hevoniemi.com\/wp-content\/uploads\/2014\/08\/lily_of_oaklands_IMG_5681.jpg\"><img loading=\"lazy\" decoding=\"async\" class=\"alignleft size-full wp-image-242\" src=\"http:\/\/www.hevoniemi.com\/wp-content\/uploads\/2014\/08\/lily_of_oaklands_IMG_5681.jpg\" alt=\"lily_of_oaklands_IMG_5681\" width=\"800\" height=\"533\" srcset=\"https:\/\/www.hevoniemi.com\/wp-content\/uploads\/2014\/08\/lily_of_oaklands_IMG_5681.jpg 800w, https:\/\/www.hevoniemi.com\/wp-content\/uploads\/2014\/08\/lily_of_oaklands_IMG_5681-300x199.jpg 300w, https:\/\/www.hevoniemi.com\/wp-content\/uploads\/2014\/08\/lily_of_oaklands_IMG_5681-600x399.jpg 600w\" sizes=\"auto, (max-width: 800px) 100vw, 800px\" \/><\/a>Tamma Lily of Oaklands (hannover)<\/h3>\n<p>Synt. 9.6.2011<\/p>\n<p><span style=\"color: #000000;\">i. Lissaro v.d Helle<\/span><\/p>\n<p>e. <a title=\"Bellaza\" href=\"http:\/\/www.hevoniemi.com\/?page_id=113\">Bellaza<\/a><\/p>\n<p>Bellazan ensimm\u00e4inen tammavarsa! Lis\u00e4ksi ainoa varsa Lissarosta Suomessa vuonna 2011. Kaunotar, joka liikkuu isolla liikeradalla. Palkittiin 2013 Hannover- n\u00e4yttelyssa 1A-palkinnolla, eliittitamma kandidaatti. Kilpailee t\u00e4ll\u00e4 hetkell\u00e4 PSG- tasolla ja t\u00e4ht\u00e4\u00e4 kaudella 2021 Inter I- tasolle.<\/p>\n<p><a href=\"https:\/\/www.youtube.com\/watch?v=Qo0O4qiJmb4\" target=\"_blank\" rel=\"noopener\">Katso t\u00e4\u00e4lt\u00e4 video Liljasta varsana &gt;&gt;<\/a><\/p>\n","protected":false},"excerpt":{"rendered":"<p>Tamma Lily of Oaklands (hannover) Synt. 9.6.2011 i. Lissaro v.d Helle e. Bellaza Bellazan ensimm\u00e4inen tammavarsa! Lis\u00e4ksi ainoa varsa Lissarosta Suomessa vuonna 2011. Kaunotar, joka liikkuu isolla liikeradalla. Palkittiin 2013 Hannover- n\u00e4yttelyssa 1A-palkinnolla, eliittitamma kandidaatti. Kilpailee t\u00e4ll\u00e4 hetkell\u00e4 PSG- tasolla&#8230; <a class=\"more-link\" href=\"https:\/\/www.hevoniemi.com\/?page_id=99\">Continue Reading &rarr;<\/a><\/p>\n","protected":false},"author":1,"featured_media":0,"parent":15,"menu_order":0,"comment_status":"closed","ping_status":"closed","template":"","meta":{"footnotes":""},"class_list":["post-99","page","type-page","status-publish","hentry"],"_links":{"self":[{"href":"https:\/\/www.hevoniemi.com\/index.php?rest_route=\/wp\/v2\/pages\/99","targetHints":{"allow":["GET"]}}],"collection":[{"href":"https:\/\/www.hevoniemi.com\/index.php?rest_route=\/wp\/v2\/pages"}],"about":[{"href":"https:\/\/www.hevoniemi.com\/index.php?rest_route=\/wp\/v2\/types\/page"}],"author":[{"embeddable":true,"href":"https:\/\/www.hevoniemi.com\/index.php?rest_route=\/wp\/v2\/users\/1"}],"replies":[{"embeddable":true,"href":"https:\/\/www.hevoniemi.com\/index.php?rest_route=%2Fwp%2Fv2%2Fcomments&post=99"}],"version-history":[{"count":5,"href":"https:\/\/www.hevoniemi.com\/index.php?rest_route=\/wp\/v2\/pages\/99\/revisions"}],"predecessor-version":[{"id":416,"href":"https:\/\/www.hevoniemi.com\/index.php?rest_route=\/wp\/v2\/pages\/99\/revisions\/416"}],"up":[{"embeddable":true,"href":"https:\/\/www.hevoniemi.com\/index.php?rest_route=\/wp\/v2\/pages\/15"}],"wp:attachment":[{"href":"https:\/\/www.hevoniemi.com\/index.php?rest_route=%2Fwp%2Fv2%2Fmedia&parent=99"}],"curies":[{"name":"wp","href":"https:\/\/api.w.org\/{rel}","templated":true}]}}