{"id":97,"date":"2014-08-08T17:35:09","date_gmt":"2014-08-08T14:35:09","guid":{"rendered":"http:\/\/hevoniemi.mainostoimistomuu.fi\/?page_id=97"},"modified":"2014-08-28T19:53:20","modified_gmt":"2014-08-28T16:53:20","slug":"lacomtessa","status":"publish","type":"page","link":"https:\/\/www.hevoniemi.com\/?page_id=97","title":{"rendered":"Lacomtessa"},"content":{"rendered":"<h3><a href=\"http:\/\/www.hevoniemi.com\/wp-content\/uploads\/2014\/07\/lara.jpg\"><img loading=\"lazy\" decoding=\"async\" class=\"alignleft wp-image-85 size-full\" src=\"http:\/\/www.hevoniemi.com\/wp-content\/uploads\/2014\/07\/lara.jpg\" alt=\"lara\" width=\"250\" height=\"201\" \/><\/a>La Comtessa (Hannover)<\/h3>\n<p>Synt. 18.6.2013<\/p>\n<p>London Baron \/ Quaterback \/ Ravallo<\/p>\n<p><a title=\"Quintessa\" href=\"http:\/\/www.hevoniemi.com\/?page_id=103\" target=\"_blank\">Quintessan<\/a> ensimm\u00e4inen varsa oriista <a href=\"http:\/\/www.zelle.fi\/london_baron.htm\" target=\"_blank\">London Baron<\/a>. Varsana kompakti, hyv\u00e4liikkeinen ja yl\u00e4m\u00e4keen rakentunut.<\/p>\n<p>&nbsp;<\/p>\n<p><a href=\"http:\/\/www.hevoniemi.com\/wp-content\/uploads\/2014\/08\/la_comtessa_IMG_4661.jpg\"><img loading=\"lazy\" decoding=\"async\" class=\"alignleft size-full wp-image-245\" src=\"http:\/\/www.hevoniemi.com\/wp-content\/uploads\/2014\/08\/la_comtessa_IMG_4661.jpg\" alt=\"la_comtessa_IMG_4661\" width=\"800\" height=\"533\" srcset=\"https:\/\/www.hevoniemi.com\/wp-content\/uploads\/2014\/08\/la_comtessa_IMG_4661.jpg 800w, https:\/\/www.hevoniemi.com\/wp-content\/uploads\/2014\/08\/la_comtessa_IMG_4661-300x199.jpg 300w, https:\/\/www.hevoniemi.com\/wp-content\/uploads\/2014\/08\/la_comtessa_IMG_4661-600x399.jpg 600w\" sizes=\"auto, (max-width: 800px) 100vw, 800px\" \/><\/a>Odotamme t\u00e4st\u00e4 itsetietoisesta neidist\u00e4 erinomaista ratsuhevosta.<\/p>\n<p>&nbsp;<\/p>\n<p>&nbsp;<\/p>\n","protected":false},"excerpt":{"rendered":"<p>La Comtessa (Hannover) Synt. 18.6.2013 London Baron \/ Quaterback \/ Ravallo Quintessan ensimm\u00e4inen varsa oriista London Baron. Varsana kompakti, hyv\u00e4liikkeinen ja yl\u00e4m\u00e4keen rakentunut. &nbsp; Odotamme t\u00e4st\u00e4 itsetietoisesta neidist\u00e4 erinomaista ratsuhevosta. &nbsp; &nbsp;<\/p>\n","protected":false},"author":1,"featured_media":0,"parent":15,"menu_order":0,"comment_status":"closed","ping_status":"closed","template":"","meta":{"footnotes":""},"class_list":["post-97","page","type-page","status-publish","hentry"],"_links":{"self":[{"href":"https:\/\/www.hevoniemi.com\/index.php?rest_route=\/wp\/v2\/pages\/97","targetHints":{"allow":["GET"]}}],"collection":[{"href":"https:\/\/www.hevoniemi.com\/index.php?rest_route=\/wp\/v2\/pages"}],"about":[{"href":"https:\/\/www.hevoniemi.com\/index.php?rest_route=\/wp\/v2\/types\/page"}],"author":[{"embeddable":true,"href":"https:\/\/www.hevoniemi.com\/index.php?rest_route=\/wp\/v2\/users\/1"}],"replies":[{"embeddable":true,"href":"https:\/\/www.hevoniemi.com\/index.php?rest_route=%2Fwp%2Fv2%2Fcomments&post=97"}],"version-history":[{"count":5,"href":"https:\/\/www.hevoniemi.com\/index.php?rest_route=\/wp\/v2\/pages\/97\/revisions"}],"predecessor-version":[{"id":246,"href":"https:\/\/www.hevoniemi.com\/index.php?rest_route=\/wp\/v2\/pages\/97\/revisions\/246"}],"up":[{"embeddable":true,"href":"https:\/\/www.hevoniemi.com\/index.php?rest_route=\/wp\/v2\/pages\/15"}],"wp:attachment":[{"href":"https:\/\/www.hevoniemi.com\/index.php?rest_route=%2Fwp%2Fv2%2Fmedia&parent=97"}],"curies":[{"name":"wp","href":"https:\/\/api.w.org\/{rel}","templated":true}]}}