{"id":7,"date":"2014-07-31T15:47:12","date_gmt":"2014-07-31T12:47:12","guid":{"rendered":"http:\/\/hevoniemi.mainostoimistomuu.fi\/?page_id=7"},"modified":"2022-10-13T12:00:30","modified_gmt":"2022-10-13T09:00:30","slug":"kurssit","status":"publish","type":"page","link":"https:\/\/www.hevoniemi.com\/?page_id=7","title":{"rendered":"Tallipaikat Hevoniemess\u00e4"},"content":{"rendered":"<h3><span style=\"color: #33cccc;\">Hevoniemen tallipaikat kaiken tasoisille ratsukoille<\/span><\/h3>\n<p>Tarjoamme ratsukoille talli-, ja pihattopaikkoja t\u00e4ysihoidolla. Lis\u00e4palveluna tarjoamme;<\/p>\n<ul>\n<li>tavoitteellista tai v\u00e4hemm\u00e4n tavoitteellista valmentautumista, tunnit pienryhm\u00e4ss\u00e4 tai yksityistunteina<\/li>\n<li>ratsutusta tarpeen mukaan<\/li>\n<\/ul>\n<p>Meille on t\u00e4rke\u00e4\u00e4 yst\u00e4v\u00e4llinen ja rento meininki, unohtamatta hevosten hyvinvointia!<\/p>\n<p><span style=\"font-family: sans-serif; font-size: medium;\">Lis\u00e4tiedot 050-4673338\/Miia<\/span><\/p>\n<p>\u00a0<\/p>\n\n\n<figure class=\"wp-block-image size-large is-resized\"><a href=\"http:\/\/www.hevoniemi.com\/wp-content\/uploads\/2020\/12\/tessa.jpg\"><img loading=\"lazy\" decoding=\"async\" src=\"http:\/\/www.hevoniemi.com\/wp-content\/uploads\/2020\/12\/tessa.jpg\" alt=\"\" class=\"wp-image-397\" width=\"840\" height=\"630\" srcset=\"https:\/\/www.hevoniemi.com\/wp-content\/uploads\/2020\/12\/tessa.jpg 960w, https:\/\/www.hevoniemi.com\/wp-content\/uploads\/2020\/12\/tessa-300x225.jpg 300w, https:\/\/www.hevoniemi.com\/wp-content\/uploads\/2020\/12\/tessa-768x576.jpg 768w, https:\/\/www.hevoniemi.com\/wp-content\/uploads\/2020\/12\/tessa-600x450.jpg 600w, https:\/\/www.hevoniemi.com\/wp-content\/uploads\/2020\/12\/tessa-945x709.jpg 945w\" sizes=\"auto, (max-width: 840px) 100vw, 840px\" \/><\/a><figcaption>Kuvassa tallin oma kasvatti t.Quintessa (Quaterback\/Ravallo) ratsastuksenopettajien mestaruuskisoissa 2020.<\/figcaption><\/figure>\n","protected":false},"excerpt":{"rendered":"<p>Hevoniemen tallipaikat kaiken tasoisille ratsukoille Tarjoamme ratsukoille talli-, ja pihattopaikkoja t\u00e4ysihoidolla. Lis\u00e4palveluna tarjoamme; tavoitteellista tai v\u00e4hemm\u00e4n tavoitteellista valmentautumista, tunnit pienryhm\u00e4ss\u00e4 tai yksityistunteina ratsutusta tarpeen mukaan Meille on t\u00e4rke\u00e4\u00e4 yst\u00e4v\u00e4llinen ja rento meininki, unohtamatta hevosten hyvinvointia! Lis\u00e4tiedot 050-4673338\/Miia \u00a0<\/p>\n","protected":false},"author":1,"featured_media":0,"parent":0,"menu_order":5,"comment_status":"closed","ping_status":"closed","template":"","meta":{"footnotes":""},"class_list":["post-7","page","type-page","status-publish","hentry"],"_links":{"self":[{"href":"https:\/\/www.hevoniemi.com\/index.php?rest_route=\/wp\/v2\/pages\/7","targetHints":{"allow":["GET"]}}],"collection":[{"href":"https:\/\/www.hevoniemi.com\/index.php?rest_route=\/wp\/v2\/pages"}],"about":[{"href":"https:\/\/www.hevoniemi.com\/index.php?rest_route=\/wp\/v2\/types\/page"}],"author":[{"embeddable":true,"href":"https:\/\/www.hevoniemi.com\/index.php?rest_route=\/wp\/v2\/users\/1"}],"replies":[{"embeddable":true,"href":"https:\/\/www.hevoniemi.com\/index.php?rest_route=%2Fwp%2Fv2%2Fcomments&post=7"}],"version-history":[{"count":5,"href":"https:\/\/www.hevoniemi.com\/index.php?rest_route=\/wp\/v2\/pages\/7\/revisions"}],"predecessor-version":[{"id":444,"href":"https:\/\/www.hevoniemi.com\/index.php?rest_route=\/wp\/v2\/pages\/7\/revisions\/444"}],"wp:attachment":[{"href":"https:\/\/www.hevoniemi.com\/index.php?rest_route=%2Fwp%2Fv2%2Fmedia&parent=7"}],"curies":[{"name":"wp","href":"https:\/\/api.w.org\/{rel}","templated":true}]}}