{"id":113,"date":"2014-08-08T17:36:43","date_gmt":"2014-08-08T14:36:43","guid":{"rendered":"http:\/\/hevoniemi.mainostoimistomuu.fi\/?page_id=113"},"modified":"2015-06-16T11:08:19","modified_gmt":"2015-06-16T08:08:19","slug":"bellaza","status":"publish","type":"page","link":"https:\/\/www.hevoniemi.com\/?page_id=113","title":{"rendered":"Bellaza"},"content":{"rendered":"<div id=\"attachment_77\" style=\"width: 310px\" class=\"wp-caption alignleft\"><img loading=\"lazy\" decoding=\"async\" aria-describedby=\"caption-attachment-77\" class=\"size-medium wp-image-77\" src=\"http:\/\/www.hevoniemi.com\/wp-content\/uploads\/2014\/07\/bellaza-300x231.jpg\" alt=\"t. Bellaza Om. Miia Ojala\" width=\"300\" height=\"231\" \/><p id=\"caption-attachment-77\" class=\"wp-caption-text\">t. Bellaza Om. Miia Ojala<\/p><\/div>\n<h3>Tamma Bellaza (FWB)<\/h3>\n<p>2003-2015<\/p>\n<p class=\"style5\" style=\"color: #000000;\">Bella on tallin ensimm\u00e4inen oma kasvatti.<\/p>\n<p class=\"style5\" style=\"color: #000000;\"><strong>Saavutuksia mm:<\/strong><\/p>\n<ul>\n<li>Maitovarsana RJL:n n\u00e4yttelyss\u00e4 I palk. ja paras varsa<\/li>\n<li>1-v. 9-7-8; 24 p. ja I palk.<\/li>\n<li>3-v. 8-8-7-7-8; 38 p. ja II palk.<\/li>\n<li>Kvaalasi Kyvyt Esiin -finaaliin liikkeittens\u00e4 puolesta.<\/li>\n<li>Hippoksen tammahankkeessa vuosina 2007 ja 2008.<\/li>\n<li>Bellan puolisisar Londonderryst\u00e4 kvaalisi itsens\u00e4 kyvyt esiin askellajifinaaliin 2008.<\/li>\n<li>Kantakirjattu Hannoverin p\u00e4\u00e4kantakirjaan 2009 tilaisuuden parhailla pisteill\u00e4, suorittanut tammatestin samassa tilaisuudessa hienolla tuloksella; K\u00e4ynti 7, Ravi 8, Laukka 7,5, ratsastettavuus oma ratsastaja 7,5, testiratsastaja 7,5, irtohypytys kyvyt 6,5, osaaminen 7.<\/li>\n<li>Tulee yhdest\u00e4 Hannover-kantakirjan parhaista em\u00e4linjoista, iso\u00e4iti Bo-Laika on em\u00e4n\u00e4 mm. jalostusori Royal Bolerolle ja useammalle huutokauppahevoselle.<\/li>\n<li>Bella on kilpaillut vuonna 2014 useamman vuoden mammalomien j\u00e4lkeen ja voittanut kaikki starttinsa helpolla tasolla.<\/li>\n<li>Valitettavan loukkaantumisen johdosta Bellaza jouduttiin hyv\u00e4stelem\u00e4\u00e4n vihre\u00e4mmille laitumille huhtikuussa 2015. Olemme ikuisesti kiitollisia t\u00e4st\u00e4 laadukkaasta tammasta ja siit\u00e4 mit\u00e4 se opetti meille hienon hevosen ratsastettavuudesta. Henkesi el\u00e4\u00e4 upeissa j\u00e4lkel\u00e4isiss\u00e4si!<\/li>\n<\/ul>\n","protected":false},"excerpt":{"rendered":"<p>Tamma Bellaza (FWB) 2003-2015 Bella on tallin ensimm\u00e4inen oma kasvatti. Saavutuksia mm: Maitovarsana RJL:n n\u00e4yttelyss\u00e4 I palk. ja paras varsa 1-v. 9-7-8; 24 p. ja I palk. 3-v. 8-8-7-7-8; 38 p. ja II palk. Kvaalasi Kyvyt Esiin -finaaliin liikkeittens\u00e4 puolesta&#8230;. <a class=\"more-link\" href=\"https:\/\/www.hevoniemi.com\/?page_id=113\">Continue Reading &rarr;<\/a><\/p>\n","protected":false},"author":1,"featured_media":0,"parent":15,"menu_order":0,"comment_status":"closed","ping_status":"closed","template":"","meta":{"footnotes":""},"class_list":["post-113","page","type-page","status-publish","hentry"],"_links":{"self":[{"href":"https:\/\/www.hevoniemi.com\/index.php?rest_route=\/wp\/v2\/pages\/113","targetHints":{"allow":["GET"]}}],"collection":[{"href":"https:\/\/www.hevoniemi.com\/index.php?rest_route=\/wp\/v2\/pages"}],"about":[{"href":"https:\/\/www.hevoniemi.com\/index.php?rest_route=\/wp\/v2\/types\/page"}],"author":[{"embeddable":true,"href":"https:\/\/www.hevoniemi.com\/index.php?rest_route=\/wp\/v2\/users\/1"}],"replies":[{"embeddable":true,"href":"https:\/\/www.hevoniemi.com\/index.php?rest_route=%2Fwp%2Fv2%2Fcomments&post=113"}],"version-history":[{"count":5,"href":"https:\/\/www.hevoniemi.com\/index.php?rest_route=\/wp\/v2\/pages\/113\/revisions"}],"predecessor-version":[{"id":288,"href":"https:\/\/www.hevoniemi.com\/index.php?rest_route=\/wp\/v2\/pages\/113\/revisions\/288"}],"up":[{"embeddable":true,"href":"https:\/\/www.hevoniemi.com\/index.php?rest_route=\/wp\/v2\/pages\/15"}],"wp:attachment":[{"href":"https:\/\/www.hevoniemi.com\/index.php?rest_route=%2Fwp%2Fv2%2Fmedia&parent=113"}],"curies":[{"name":"wp","href":"https:\/\/api.w.org\/{rel}","templated":true}]}}