{"id":111,"date":"2014-08-08T17:36:33","date_gmt":"2014-08-08T14:36:33","guid":{"rendered":"http:\/\/hevoniemi.mainostoimistomuu.fi\/?page_id=111"},"modified":"2014-08-15T14:46:36","modified_gmt":"2014-08-15T11:46:36","slug":"riccardo","status":"publish","type":"page","link":"https:\/\/www.hevoniemi.com\/?page_id=111","title":{"rendered":"Riccardo"},"content":{"rendered":"<h3><img loading=\"lazy\" decoding=\"async\" class=\"alignleft size-medium wp-image-90\" src=\"http:\/\/www.hevoniemi.com\/wp-content\/uploads\/2014\/07\/riccardo-300x225.jpg\" alt=\"riccardo\" width=\"300\" height=\"225\" srcset=\"https:\/\/www.hevoniemi.com\/wp-content\/uploads\/2014\/07\/riccardo-300x225.jpg 300w, https:\/\/www.hevoniemi.com\/wp-content\/uploads\/2014\/07\/riccardo.jpg 512w\" sizes=\"auto, (max-width: 300px) 100vw, 300px\" \/>Ruuna Riccardo<\/h3>\n<p>Synt. 2005<\/p>\n<p>i. Riccione (Regazzoni \/ Rubinstein I)<br \/>\ne. Pamina III (Pazifik)<\/p>\n<p>Riccardo oli jo varsana kiltti, rakenteeltaan korrekti ja mukavasti liikkuva. Se kvaalasi itsens\u00e4 Kyvyt esiin -estefinaaliin vuonna 2008 ja vuonna 2010 aloitti kilpauransa menestyksekk\u00e4\u00e4sti.<\/p>\n<p>Em\u00e4 Pamina on kilpaillut menestyksell\u00e4 Saksassa koulua ja esteit\u00e4. Tamman meriittein\u00e4 mm. aluemestaruus kouluratsastuksessa ja lukuisat muut sijoitukset esteill\u00e4 ja kouluratsastuksessa. Pamina on eritt\u00e4in ratsastettava ja miellytt\u00e4misen haluinen. Hyv\u00e4\u00e4 luonnetta ja ratsastettavuutta tamma periytt\u00e4\u00e4 selke\u00e4sti my\u00f6s eteenp\u00e4in.<\/p>\n","protected":false},"excerpt":{"rendered":"<p>Ruuna Riccardo Synt. 2005 i. Riccione (Regazzoni \/ Rubinstein I) e. Pamina III (Pazifik) Riccardo oli jo varsana kiltti, rakenteeltaan korrekti ja mukavasti liikkuva. Se kvaalasi itsens\u00e4 Kyvyt esiin -estefinaaliin vuonna 2008 ja vuonna 2010 aloitti kilpauransa menestyksekk\u00e4\u00e4sti. Em\u00e4 Pamina&#8230; <a class=\"more-link\" href=\"https:\/\/www.hevoniemi.com\/?page_id=111\">Continue Reading &rarr;<\/a><\/p>\n","protected":false},"author":1,"featured_media":0,"parent":15,"menu_order":0,"comment_status":"closed","ping_status":"closed","template":"","meta":{"footnotes":""},"class_list":["post-111","page","type-page","status-publish","hentry"],"_links":{"self":[{"href":"https:\/\/www.hevoniemi.com\/index.php?rest_route=\/wp\/v2\/pages\/111","targetHints":{"allow":["GET"]}}],"collection":[{"href":"https:\/\/www.hevoniemi.com\/index.php?rest_route=\/wp\/v2\/pages"}],"about":[{"href":"https:\/\/www.hevoniemi.com\/index.php?rest_route=\/wp\/v2\/types\/page"}],"author":[{"embeddable":true,"href":"https:\/\/www.hevoniemi.com\/index.php?rest_route=\/wp\/v2\/users\/1"}],"replies":[{"embeddable":true,"href":"https:\/\/www.hevoniemi.com\/index.php?rest_route=%2Fwp%2Fv2%2Fcomments&post=111"}],"version-history":[{"count":4,"href":"https:\/\/www.hevoniemi.com\/index.php?rest_route=\/wp\/v2\/pages\/111\/revisions"}],"predecessor-version":[{"id":170,"href":"https:\/\/www.hevoniemi.com\/index.php?rest_route=\/wp\/v2\/pages\/111\/revisions\/170"}],"up":[{"embeddable":true,"href":"https:\/\/www.hevoniemi.com\/index.php?rest_route=\/wp\/v2\/pages\/15"}],"wp:attachment":[{"href":"https:\/\/www.hevoniemi.com\/index.php?rest_route=%2Fwp%2Fv2%2Fmedia&parent=111"}],"curies":[{"name":"wp","href":"https:\/\/api.w.org\/{rel}","templated":true}]}}