{"id":11,"date":"2014-07-31T15:47:41","date_gmt":"2014-07-31T12:47:41","guid":{"rendered":"http:\/\/hevoniemi.mainostoimistomuu.fi\/?page_id=11"},"modified":"2020-12-29T14:40:26","modified_gmt":"2020-12-29T12:40:26","slug":"tallin-esittely","status":"publish","type":"page","link":"https:\/\/www.hevoniemi.com\/?page_id=11","title":{"rendered":"Tallin esittely"},"content":{"rendered":"<h3><span style=\"color: #33cccc;\">Esittelyss\u00e4 Hevoniemi<\/span><\/h3>\n<p>Hevoniemi on pieni ja rauhallinen yksityinen maaseututalli Tammelassa. Vuonna 1999 perustetulla tallillamme on kuusi karsinapaikkaa ja nelj\u00e4 pihattopaikkaa. Tilan toiminnasta vastaa ratsastuksenohjaaja ja <a href=\"http:\/\/www.thegentletouch.de\/index.php\/en\/\" target=\"_blank\" rel=\"noopener noreferrer\">The Gentle Touch- <\/a>ohjaaja Miia Ojala.<\/p>\n<p>Tarjoamme t\u00e4ysihoito- tallipaikkoja ja valmennusta eri tasoisille ratsukoille.<\/p>\n<p>Tallilla on valaistu ja aidattu hiekka\/kumirouhepohjainen kentt\u00e4, pienempi 2.kentt\u00e4 hiekkapohjalla l\u00e4hinn\u00e4 juoksutukseen, estekalustoa, mukavat maastot ja kes\u00e4aikaan laitumia, joista osa Kuivaj\u00e4rven rantamaisemissa.<\/p>\n<p><em>Tervetuloa tutustumaan!<\/em><\/p>\n<p><b>Tallin vakituisia asukkaita<\/b><\/p>\n\n\t\t<style type=\"text\/css\">\n\t\t\t#gallery-1 {\n\t\t\t\tmargin: auto;\n\t\t\t}\n\t\t\t#gallery-1 .gallery-item {\n\t\t\t\tfloat: left;\n\t\t\t\tmargin-top: 10px;\n\t\t\t\ttext-align: center;\n\t\t\t\twidth: 33%;\n\t\t\t}\n\t\t\t#gallery-1 img {\n\t\t\t\tborder: 2px solid #cfcfcf;\n\t\t\t}\n\t\t\t#gallery-1 .gallery-caption {\n\t\t\t\tmargin-left: 0;\n\t\t\t}\n\t\t\t\/* see gallery_shortcode() in wp-includes\/media.php *\/\n\t\t<\/style>\n\t\t<div id='gallery-1' class='gallery galleryid-11 gallery-columns-3 gallery-size-thumbnail'><dl class='gallery-item'>\n\t\t\t<dt class='gallery-icon landscape'>\n\t\t\t\t<a href='https:\/\/www.hevoniemi.com\/wp-content\/uploads\/2014\/07\/belfleur.jpg'><img loading=\"lazy\" decoding=\"async\" width=\"150\" height=\"150\" src=\"https:\/\/www.hevoniemi.com\/wp-content\/uploads\/2014\/07\/belfleur-150x150.jpg\" class=\"attachment-thumbnail size-thumbnail\" alt=\"\" aria-describedby=\"gallery-1-76\" \/><\/a>\n\t\t\t<\/dt>\n\t\t\t\t<dd class='wp-caption-text gallery-caption' id='gallery-1-76'>\n\t\t\t\tt. Belfleur Om. Heidi Hakala\n\t\t\t\t<\/dd><\/dl><dl class='gallery-item'>\n\t\t\t<dt class='gallery-icon portrait'>\n\t\t\t\t<a href='https:\/\/www.hevoniemi.com\/wp-content\/uploads\/2020\/12\/Rapsa-2.jpg'><img loading=\"lazy\" decoding=\"async\" width=\"150\" height=\"150\" src=\"https:\/\/www.hevoniemi.com\/wp-content\/uploads\/2020\/12\/Rapsa-2-150x150.jpg\" class=\"attachment-thumbnail size-thumbnail\" alt=\"\" aria-describedby=\"gallery-1-392\" \/><\/a>\n\t\t\t<\/dt>\n\t\t\t\t<dd class='wp-caption-text gallery-caption' id='gallery-1-392'>\n\t\t\t\tr.T\u00e4hti Herman om.Maria Puputti\n\t\t\t\t<\/dd><\/dl><dl class='gallery-item'>\n\t\t\t<dt class='gallery-icon landscape'>\n\t\t\t\t<a href='https:\/\/www.hevoniemi.com\/wp-content\/uploads\/2020\/12\/IMG-20201105-WA0002.jpg'><img loading=\"lazy\" decoding=\"async\" width=\"150\" height=\"150\" src=\"https:\/\/www.hevoniemi.com\/wp-content\/uploads\/2020\/12\/IMG-20201105-WA0002-150x150.jpg\" class=\"attachment-thumbnail size-thumbnail\" alt=\"Bounty PSG Yp\u00e4j\u00e4ll\u00e4\" aria-describedby=\"gallery-1-387\" \/><\/a>\n\t\t\t<\/dt>\n\t\t\t\t<dd class='wp-caption-text gallery-caption' id='gallery-1-387'>\n\t\t\t\tt. Syvh\u00f8jeg\u00e5rds Bounty om.Jaana Viher-Vehmas-Harju\n\t\t\t\t<\/dd><\/dl><br style=\"clear: both\" \/><dl class='gallery-item'>\n\t\t\t<dt class='gallery-icon landscape'>\n\t\t\t\t<a href='https:\/\/www.hevoniemi.com\/wp-content\/uploads\/2020\/12\/tessa.jpg'><img loading=\"lazy\" decoding=\"async\" width=\"150\" height=\"150\" src=\"https:\/\/www.hevoniemi.com\/wp-content\/uploads\/2020\/12\/tessa-150x150.jpg\" class=\"attachment-thumbnail size-thumbnail\" alt=\"\" aria-describedby=\"gallery-1-397\" \/><\/a>\n\t\t\t<\/dt>\n\t\t\t\t<dd class='wp-caption-text gallery-caption' id='gallery-1-397'>\n\t\t\t\tt.Quintessa om. Miia Ojala\n\t\t\t\t<\/dd><\/dl><dl class='gallery-item'>\n\t\t\t<dt class='gallery-icon portrait'>\n\t\t\t\t<a href='https:\/\/www.hevoniemi.com\/wp-content\/uploads\/2018\/03\/lissandra.jpg'><img loading=\"lazy\" decoding=\"async\" width=\"150\" height=\"150\" src=\"https:\/\/www.hevoniemi.com\/wp-content\/uploads\/2018\/03\/lissandra-150x150.jpg\" class=\"attachment-thumbnail size-thumbnail\" alt=\"\" aria-describedby=\"gallery-1-361\" \/><\/a>\n\t\t\t<\/dt>\n\t\t\t\t<dd class='wp-caption-text gallery-caption' id='gallery-1-361'>\n\t\t\t\tt.Lissandra om. Miia Ojala\n\t\t\t\t<\/dd><\/dl><dl class='gallery-item'>\n\t\t\t<dt class='gallery-icon portrait'>\n\t\t\t\t<a href='https:\/\/www.hevoniemi.com\/wp-content\/uploads\/2020\/12\/IMG-20201229-WA0000.jpg'><img loading=\"lazy\" decoding=\"async\" width=\"150\" height=\"150\" src=\"https:\/\/www.hevoniemi.com\/wp-content\/uploads\/2020\/12\/IMG-20201229-WA0000-150x150.jpg\" class=\"attachment-thumbnail size-thumbnail\" alt=\"\" aria-describedby=\"gallery-1-421\" \/><\/a>\n\t\t\t<\/dt>\n\t\t\t\t<dd class='wp-caption-text gallery-caption' id='gallery-1-421'>\n\t\t\t\to. Birchhill Evolution om.Noora Mattila\n\t\t\t\t<\/dd><\/dl><br style=\"clear: both\" \/>\n\t\t<\/div>\n\n<p style=\"text-align: left;\"><a href=\"http:\/\/www.hevoniemi.com\/wp-content\/uploads\/2014\/07\/IMG_20151003_090807.jpg\"><img loading=\"lazy\" decoding=\"async\" class=\"alignleft size-large wp-image-310\" src=\"http:\/\/www.hevoniemi.com\/wp-content\/uploads\/2014\/07\/IMG_20151003_090807-1024x760.jpg\" alt=\"IMG_20151003_090807\" width=\"676\" height=\"502\" srcset=\"https:\/\/www.hevoniemi.com\/wp-content\/uploads\/2014\/07\/IMG_20151003_090807-1024x760.jpg 1024w, https:\/\/www.hevoniemi.com\/wp-content\/uploads\/2014\/07\/IMG_20151003_090807-300x223.jpg 300w, https:\/\/www.hevoniemi.com\/wp-content\/uploads\/2014\/07\/IMG_20151003_090807-945x701.jpg 945w, https:\/\/www.hevoniemi.com\/wp-content\/uploads\/2014\/07\/IMG_20151003_090807-600x445.jpg 600w, https:\/\/www.hevoniemi.com\/wp-content\/uploads\/2014\/07\/IMG_20151003_090807.jpg 1739w\" sizes=\"auto, (max-width: 676px) 100vw, 676px\" \/><\/a><del><\/del><\/p>\n<p><a href=\"http:\/\/www.hevoniemi.com\/wp-content\/uploads\/2014\/07\/IMG_1253.jpg\"><img loading=\"lazy\" decoding=\"async\" class=\"alignleft size-large wp-image-305\" src=\"http:\/\/www.hevoniemi.com\/wp-content\/uploads\/2014\/07\/IMG_1253-1024x768.jpg\" alt=\"IMG_1253\" width=\"676\" height=\"507\" srcset=\"https:\/\/www.hevoniemi.com\/wp-content\/uploads\/2014\/07\/IMG_1253.jpg 1024w, https:\/\/www.hevoniemi.com\/wp-content\/uploads\/2014\/07\/IMG_1253-300x225.jpg 300w, https:\/\/www.hevoniemi.com\/wp-content\/uploads\/2014\/07\/IMG_1253-945x709.jpg 945w, https:\/\/www.hevoniemi.com\/wp-content\/uploads\/2014\/07\/IMG_1253-600x450.jpg 600w\" sizes=\"auto, (max-width: 676px) 100vw, 676px\" \/><\/a><\/p>\n<p><a href=\"http:\/\/www.hevoniemi.com\/wp-content\/uploads\/2014\/07\/IMG_20151003_090634.jpg\"><img loading=\"lazy\" decoding=\"async\" class=\"alignleft size-large wp-image-313\" src=\"http:\/\/www.hevoniemi.com\/wp-content\/uploads\/2014\/07\/IMG_20151003_090634-1024x782.jpg\" alt=\"IMG_20151003_090634\" width=\"676\" height=\"516\" srcset=\"https:\/\/www.hevoniemi.com\/wp-content\/uploads\/2014\/07\/IMG_20151003_090634-1024x782.jpg 1024w, https:\/\/www.hevoniemi.com\/wp-content\/uploads\/2014\/07\/IMG_20151003_090634-300x229.jpg 300w, https:\/\/www.hevoniemi.com\/wp-content\/uploads\/2014\/07\/IMG_20151003_090634-945x721.jpg 945w, https:\/\/www.hevoniemi.com\/wp-content\/uploads\/2014\/07\/IMG_20151003_090634-600x458.jpg 600w\" sizes=\"auto, (max-width: 676px) 100vw, 676px\" \/><\/a><\/p>\n<p><a href=\"http:\/\/www.hevoniemi.com\/wp-content\/uploads\/2014\/07\/bella4_1-tiedotsivu.jpg\"><img loading=\"lazy\" decoding=\"async\" class=\"alignleft size-full wp-image-42\" src=\"http:\/\/www.hevoniemi.com\/wp-content\/uploads\/2014\/07\/bella4_1-tiedotsivu.jpg\" alt=\"bella4_1-tiedotsivu\" width=\"319\" height=\"453\" srcset=\"https:\/\/www.hevoniemi.com\/wp-content\/uploads\/2014\/07\/bella4_1-tiedotsivu.jpg 319w, https:\/\/www.hevoniemi.com\/wp-content\/uploads\/2014\/07\/bella4_1-tiedotsivu-211x300.jpg 211w\" sizes=\"auto, (max-width: 319px) 100vw, 319px\" \/><\/a><\/p>\n","protected":false},"excerpt":{"rendered":"<p>Esittelyss\u00e4 Hevoniemi Hevoniemi on pieni ja rauhallinen yksityinen maaseututalli Tammelassa. Vuonna 1999 perustetulla tallillamme on kuusi karsinapaikkaa ja nelj\u00e4 pihattopaikkaa. Tilan toiminnasta vastaa ratsastuksenohjaaja ja The Gentle Touch- ohjaaja Miia Ojala. Tarjoamme t\u00e4ysihoito- tallipaikkoja ja valmennusta eri tasoisille ratsukoille. Tallilla&#8230; <a class=\"more-link\" href=\"https:\/\/www.hevoniemi.com\/?page_id=11\">Continue Reading &rarr;<\/a><\/p>\n","protected":false},"author":1,"featured_media":0,"parent":0,"menu_order":2,"comment_status":"closed","ping_status":"closed","template":"","meta":{"footnotes":""},"class_list":["post-11","page","type-page","status-publish","hentry"],"_links":{"self":[{"href":"https:\/\/www.hevoniemi.com\/index.php?rest_route=\/wp\/v2\/pages\/11","targetHints":{"allow":["GET"]}}],"collection":[{"href":"https:\/\/www.hevoniemi.com\/index.php?rest_route=\/wp\/v2\/pages"}],"about":[{"href":"https:\/\/www.hevoniemi.com\/index.php?rest_route=\/wp\/v2\/types\/page"}],"author":[{"embeddable":true,"href":"https:\/\/www.hevoniemi.com\/index.php?rest_route=\/wp\/v2\/users\/1"}],"replies":[{"embeddable":true,"href":"https:\/\/www.hevoniemi.com\/index.php?rest_route=%2Fwp%2Fv2%2Fcomments&post=11"}],"version-history":[{"count":5,"href":"https:\/\/www.hevoniemi.com\/index.php?rest_route=\/wp\/v2\/pages\/11\/revisions"}],"predecessor-version":[{"id":424,"href":"https:\/\/www.hevoniemi.com\/index.php?rest_route=\/wp\/v2\/pages\/11\/revisions\/424"}],"wp:attachment":[{"href":"https:\/\/www.hevoniemi.com\/index.php?rest_route=%2Fwp%2Fv2%2Fmedia&parent=11"}],"curies":[{"name":"wp","href":"https:\/\/api.w.org\/{rel}","templated":true}]}}