{"id":109,"date":"2014-08-08T17:36:22","date_gmt":"2014-08-08T14:36:22","guid":{"rendered":"http:\/\/hevoniemi.mainostoimistomuu.fi\/?page_id=109"},"modified":"2014-09-05T14:21:01","modified_gmt":"2014-09-05T11:21:01","slug":"san-belize","status":"publish","type":"page","link":"https:\/\/www.hevoniemi.com\/?page_id=109","title":{"rendered":"San Belize"},"content":{"rendered":"<h3><img loading=\"lazy\" decoding=\"async\" class=\"alignleft size-full wp-image-89\" src=\"http:\/\/www.hevoniemi.com\/wp-content\/uploads\/2014\/07\/sanbelize.jpg\" alt=\"sanbelize\" width=\"240\" height=\"180\" \/>Ruuna San Belize (FWB)<\/h3>\n<p>Synt. 10.5.2007<\/p>\n<p>i. Stedinger (Sandro Hit)<br \/>\ne. <a title=\"Bellaza\" href=\"http:\/\/www.hevoniemi.com\/?page_id=113\">Bellaza<\/a><\/p>\n<p class=\"style5\" style=\"color: #000000;\">San Belize\u00a0on is\u00e4ns\u00e4 jalotyyppinen j\u00e4lkel\u00e4inen ja sill\u00e4 on kaunis p\u00e4\u00e4. Jo varsana se liikkui tasapainoisesti, tahdikkaasti ja eritt\u00e4in hyvin takaosalta, k\u00e4ynti oli matkaavoittavaa ja laukka joustavaa.<\/p>\n<p class=\"style5\" style=\"color: #000000;\">2-vuotiaana San Belize\u00a0kvaalasi itsens\u00e4 Kyvyt esiin -finaalin estepuolelle vuonna 2009.<\/p>\n<p class=\"style5\" style=\"color: #000000;\">San Belize esiintyi orip\u00e4ivill\u00e4 2010 ja sai pisteet 38, mutta sit\u00e4 ei hyv\u00e4ksytty jalostukseen. San Belize ruunattiin ja se jatkaa uraansa ratsuna Euroopassa. Orip\u00e4ivill\u00e4 San Belizen kaikkia askellajeja kehuttiin laadukkaiksi.<\/p>\n","protected":false},"excerpt":{"rendered":"<p>Ruuna San Belize (FWB) Synt. 10.5.2007 i. Stedinger (Sandro Hit) e. Bellaza San Belize\u00a0on is\u00e4ns\u00e4 jalotyyppinen j\u00e4lkel\u00e4inen ja sill\u00e4 on kaunis p\u00e4\u00e4. Jo varsana se liikkui tasapainoisesti, tahdikkaasti ja eritt\u00e4in hyvin takaosalta, k\u00e4ynti oli matkaavoittavaa ja laukka joustavaa. 2-vuotiaana San&#8230; <a class=\"more-link\" href=\"https:\/\/www.hevoniemi.com\/?page_id=109\">Continue Reading &rarr;<\/a><\/p>\n","protected":false},"author":1,"featured_media":0,"parent":15,"menu_order":0,"comment_status":"closed","ping_status":"closed","template":"","meta":{"footnotes":""},"class_list":["post-109","page","type-page","status-publish","hentry"],"_links":{"self":[{"href":"https:\/\/www.hevoniemi.com\/index.php?rest_route=\/wp\/v2\/pages\/109","targetHints":{"allow":["GET"]}}],"collection":[{"href":"https:\/\/www.hevoniemi.com\/index.php?rest_route=\/wp\/v2\/pages"}],"about":[{"href":"https:\/\/www.hevoniemi.com\/index.php?rest_route=\/wp\/v2\/types\/page"}],"author":[{"embeddable":true,"href":"https:\/\/www.hevoniemi.com\/index.php?rest_route=\/wp\/v2\/users\/1"}],"replies":[{"embeddable":true,"href":"https:\/\/www.hevoniemi.com\/index.php?rest_route=%2Fwp%2Fv2%2Fcomments&post=109"}],"version-history":[{"count":5,"href":"https:\/\/www.hevoniemi.com\/index.php?rest_route=\/wp\/v2\/pages\/109\/revisions"}],"predecessor-version":[{"id":250,"href":"https:\/\/www.hevoniemi.com\/index.php?rest_route=\/wp\/v2\/pages\/109\/revisions\/250"}],"up":[{"embeddable":true,"href":"https:\/\/www.hevoniemi.com\/index.php?rest_route=\/wp\/v2\/pages\/15"}],"wp:attachment":[{"href":"https:\/\/www.hevoniemi.com\/index.php?rest_route=%2Fwp%2Fv2%2Fmedia&parent=109"}],"curies":[{"name":"wp","href":"https:\/\/api.w.org\/{rel}","templated":true}]}}