{"id":107,"date":"2014-08-08T17:36:10","date_gmt":"2014-08-08T14:36:10","guid":{"rendered":"http:\/\/hevoniemi.mainostoimistomuu.fi\/?page_id=107"},"modified":"2020-12-29T12:29:58","modified_gmt":"2020-12-29T10:29:58","slug":"samba-rico","status":"publish","type":"page","link":"https:\/\/www.hevoniemi.com\/?page_id=107","title":{"rendered":"Samba Rico"},"content":{"rendered":"<h3><a href=\"http:\/\/www.hevoniemi.com\/wp-content\/uploads\/2014\/08\/Samba-Rico-1-myyntihev.jpg\"><img loading=\"lazy\" decoding=\"async\" class=\"alignleft size-full wp-image-234\" src=\"http:\/\/www.hevoniemi.com\/wp-content\/uploads\/2014\/08\/Samba-Rico-1-myyntihev.jpg\" alt=\"Samba Rico 1 myyntihev\" width=\"230\" height=\"160\" \/><\/a>Ruuna Samba Rico (FWB)<\/h3>\n<p>Synt. 2.2.2008<\/p>\n<p>i. Scolari (Sandro Hit \/ De Niro \/ Weltmeyer)<\/p>\n<p>e. Ricarda<\/p>\n<p>Rico palkittiin RJL:n Show- n\u00e4yttelyss\u00e4 22.8.2008 I- palkinnolla ja 2011 Kyvyt esiin askellajien keskiarvo karsinnoissa 7,9.<\/p>\n<p>P\u00e4\u00e4si 6-vuotiscupin finaaliin 2014, sen j\u00e4lkeen kilpaillut kansallisella tasolla helppo A-vaativa B- luokissa.<\/p>\n<p>P\u00e4\u00e4si lasten maajoukkueeseen taitavan ratsastajansa Emma Storeyn kanssa 2020.<\/p>\n<p><a href=\"https:\/\/www.youtube.com\/watch?v=QRURcb1OvFk&amp;feature=youtu.be\" target=\"_blank\" rel=\"noopener\">Katso video Ricosta 2 kk:n ik\u00e4isen\u00e4 &gt;&gt;<\/a><\/p>\n","protected":false},"excerpt":{"rendered":"<p>Ruuna Samba Rico (FWB) Synt. 2.2.2008 i. Scolari (Sandro Hit \/ De Niro \/ Weltmeyer) e. Ricarda Rico palkittiin RJL:n Show- n\u00e4yttelyss\u00e4 22.8.2008 I- palkinnolla ja 2011 Kyvyt esiin askellajien keskiarvo karsinnoissa 7,9. P\u00e4\u00e4si 6-vuotiscupin finaaliin 2014, sen j\u00e4lkeen kilpaillut&#8230; <a class=\"more-link\" href=\"https:\/\/www.hevoniemi.com\/?page_id=107\">Continue Reading &rarr;<\/a><\/p>\n","protected":false},"author":1,"featured_media":0,"parent":15,"menu_order":0,"comment_status":"closed","ping_status":"closed","template":"","meta":{"footnotes":""},"class_list":["post-107","page","type-page","status-publish","hentry"],"_links":{"self":[{"href":"https:\/\/www.hevoniemi.com\/index.php?rest_route=\/wp\/v2\/pages\/107","targetHints":{"allow":["GET"]}}],"collection":[{"href":"https:\/\/www.hevoniemi.com\/index.php?rest_route=\/wp\/v2\/pages"}],"about":[{"href":"https:\/\/www.hevoniemi.com\/index.php?rest_route=\/wp\/v2\/types\/page"}],"author":[{"embeddable":true,"href":"https:\/\/www.hevoniemi.com\/index.php?rest_route=\/wp\/v2\/users\/1"}],"replies":[{"embeddable":true,"href":"https:\/\/www.hevoniemi.com\/index.php?rest_route=%2Fwp%2Fv2%2Fcomments&post=107"}],"version-history":[{"count":5,"href":"https:\/\/www.hevoniemi.com\/index.php?rest_route=\/wp\/v2\/pages\/107\/revisions"}],"predecessor-version":[{"id":419,"href":"https:\/\/www.hevoniemi.com\/index.php?rest_route=\/wp\/v2\/pages\/107\/revisions\/419"}],"up":[{"embeddable":true,"href":"https:\/\/www.hevoniemi.com\/index.php?rest_route=\/wp\/v2\/pages\/15"}],"wp:attachment":[{"href":"https:\/\/www.hevoniemi.com\/index.php?rest_route=%2Fwp%2Fv2%2Fmedia&parent=107"}],"curies":[{"name":"wp","href":"https:\/\/api.w.org\/{rel}","templated":true}]}}