{"id":105,"date":"2014-08-08T17:35:59","date_gmt":"2014-08-08T14:35:59","guid":{"rendered":"http:\/\/hevoniemi.mainostoimistomuu.fi\/?page_id=105"},"modified":"2014-08-15T14:32:13","modified_gmt":"2014-08-15T11:32:13","slug":"felicienne-noire","status":"publish","type":"page","link":"https:\/\/www.hevoniemi.com\/?page_id=105","title":{"rendered":"Felicienne Noire"},"content":{"rendered":"<h3><img loading=\"lazy\" decoding=\"async\" class=\"alignleft size-medium wp-image-87\" src=\"http:\/\/www.hevoniemi.com\/wp-content\/uploads\/2014\/07\/feliciennenoire-300x200.jpg\" alt=\"feliciennenoire\" width=\"300\" height=\"200\" srcset=\"https:\/\/www.hevoniemi.com\/wp-content\/uploads\/2014\/07\/feliciennenoire-300x200.jpg 300w, https:\/\/www.hevoniemi.com\/wp-content\/uploads\/2014\/07\/feliciennenoire.jpg 460w\" sizes=\"auto, (max-width: 300px) 100vw, 300px\" \/>t. Felicienne Noire<\/h3>\n<p>Synt. 18.4.2009<br \/>\nTamman is\u00e4 Fiance Noir ( Florencio I\/Metternich\/ Bold Indian xx)<\/p>\n<p>Em\u00e4 I-palkinnon kantakirjatamma Felicitadella (Fabriano\/Lauries Crusador xx\/Wenzel II)<\/p>\n<p>T\u00e4m\u00e4 pirte\u00e4 tumma tammaneiti hurmaa kaikki jalolla olemuksellaan ja siev\u00e4ll\u00e4 ulkon\u00e4\u00f6ll\u00e4\u00e4n!<\/p>\n<p>Felicienne Noire palkittiin I-palkinnolla Hippoksen n\u00e4yttelyss\u00e4 2009 ja p\u00e4\u00e4si Kyvyt Esiin -finaaliin vuonna 2011.<\/p>\n<p><a href=\"http:\/\/hevoniemi.com\/Felicienne%20210709.wmv\" target=\"_blank\">Katso varsavideo &gt;&gt;<\/a><\/p>\n<p><a href=\"https:\/\/www.youtube.com\/watch?v=iiC-6tuw_qI\" target=\"_blank\">Katso video Kyvyt Esiin -karsinnoista 2011 &gt;&gt;<\/a><\/p>\n<p class=\"style10\" style=\"color: #000000;\">\n","protected":false},"excerpt":{"rendered":"<p>t. Felicienne Noire Synt. 18.4.2009 Tamman is\u00e4 Fiance Noir ( Florencio I\/Metternich\/ Bold Indian xx) Em\u00e4 I-palkinnon kantakirjatamma Felicitadella (Fabriano\/Lauries Crusador xx\/Wenzel II) T\u00e4m\u00e4 pirte\u00e4 tumma tammaneiti hurmaa kaikki jalolla olemuksellaan ja siev\u00e4ll\u00e4 ulkon\u00e4\u00f6ll\u00e4\u00e4n! Felicienne Noire palkittiin I-palkinnolla Hippoksen n\u00e4yttelyss\u00e4&#8230; <a class=\"more-link\" href=\"https:\/\/www.hevoniemi.com\/?page_id=105\">Continue Reading &rarr;<\/a><\/p>\n","protected":false},"author":1,"featured_media":0,"parent":15,"menu_order":0,"comment_status":"closed","ping_status":"closed","template":"","meta":{"footnotes":""},"class_list":["post-105","page","type-page","status-publish","hentry"],"_links":{"self":[{"href":"https:\/\/www.hevoniemi.com\/index.php?rest_route=\/wp\/v2\/pages\/105","targetHints":{"allow":["GET"]}}],"collection":[{"href":"https:\/\/www.hevoniemi.com\/index.php?rest_route=\/wp\/v2\/pages"}],"about":[{"href":"https:\/\/www.hevoniemi.com\/index.php?rest_route=\/wp\/v2\/types\/page"}],"author":[{"embeddable":true,"href":"https:\/\/www.hevoniemi.com\/index.php?rest_route=\/wp\/v2\/users\/1"}],"replies":[{"embeddable":true,"href":"https:\/\/www.hevoniemi.com\/index.php?rest_route=%2Fwp%2Fv2%2Fcomments&post=105"}],"version-history":[{"count":4,"href":"https:\/\/www.hevoniemi.com\/index.php?rest_route=\/wp\/v2\/pages\/105\/revisions"}],"predecessor-version":[{"id":158,"href":"https:\/\/www.hevoniemi.com\/index.php?rest_route=\/wp\/v2\/pages\/105\/revisions\/158"}],"up":[{"embeddable":true,"href":"https:\/\/www.hevoniemi.com\/index.php?rest_route=\/wp\/v2\/pages\/15"}],"wp:attachment":[{"href":"https:\/\/www.hevoniemi.com\/index.php?rest_route=%2Fwp%2Fv2%2Fmedia&parent=105"}],"curies":[{"name":"wp","href":"https:\/\/api.w.org\/{rel}","templated":true}]}}