{"id":103,"date":"2014-08-08T17:35:45","date_gmt":"2014-08-08T14:35:45","guid":{"rendered":"http:\/\/hevoniemi.mainostoimistomuu.fi\/?page_id=103"},"modified":"2015-10-03T19:53:32","modified_gmt":"2015-10-03T16:53:32","slug":"quintessa","status":"publish","type":"page","link":"https:\/\/www.hevoniemi.com\/?page_id=103","title":{"rendered":"Quintessa"},"content":{"rendered":"<h3><img loading=\"lazy\" decoding=\"async\" class=\"alignleft size-medium wp-image-80\" src=\"http:\/\/www.hevoniemi.com\/wp-content\/uploads\/2014\/07\/quintessa-300x200.jpg\" alt=\"\" width=\"300\" height=\"200\" srcset=\"https:\/\/www.hevoniemi.com\/wp-content\/uploads\/2014\/07\/quintessa-300x200.jpg 300w, https:\/\/www.hevoniemi.com\/wp-content\/uploads\/2014\/07\/quintessa-600x400.jpg 600w, https:\/\/www.hevoniemi.com\/wp-content\/uploads\/2014\/07\/quintessa.jpg 700w\" sizes=\"auto, (max-width: 300px) 100vw, 300px\" \/>Tamma Quintessa (Hannover)<\/h3>\n<p>Eliittitamma, 2x1A palkinto<\/p>\n<p>Synt. 29.4.2009<\/p>\n<p>Quintessa on todella pitk\u00e4jalkainen kaunotar jolla on aivan ihastuttava luonne! Sen is\u00e4 on Quaterback, em\u00e4 hannover-tamma Ricarda.<\/p>\n<p>Quintessa oli syksyn 2009 Hannover- kasvattajatapahtuman <a href=\"http:\/\/www.hevoniemi.com\/wp-content\/uploads\/2014\/08\/Tessa.png\"><img loading=\"lazy\" decoding=\"async\" class=\"alignleft size-full wp-image-240\" src=\"http:\/\/www.hevoniemi.com\/wp-content\/uploads\/2014\/08\/Tessa.png\" alt=\"Tessa\" width=\"389\" height=\"260\" srcset=\"https:\/\/www.hevoniemi.com\/wp-content\/uploads\/2014\/08\/Tessa.png 389w, https:\/\/www.hevoniemi.com\/wp-content\/uploads\/2014\/08\/Tessa-300x200.png 300w\" sizes=\"auto, (max-width: 389px) 100vw, 389px\" \/><\/a>toiseksi paras varsa. Palkittu 1A-palkinnolla 2013 ja 2014.<\/p>\n<p>Tessa on kasvanut ja kehittynyt hyvin. Tessa on liikkunut isosti koko kasvukauden, erityisen hyv\u00e4\u00e4 on sen sel\u00e4n joustava ty\u00f6skentely sek\u00e4 tahdikkaat ja tasapainoiset liikkeet.<\/p>\n<p>Quintessa on ratsutettu ja toimii moitteettomasti my\u00f6s maastossa, jossa sill\u00e4 voi k\u00e4yd\u00e4 vaikka laukkailemassa yksin:) Tamma on kevyt ja mukavan herkk\u00e4 ratsastaa. Tessa on kilpaillut 2014 hyv\u00e4ll\u00e4 menestyksell\u00e4 helpoissa luokissa Mari Simil\u00e4n kanssa.<\/p>\n<p>Tessa jatkoi kilpailemista omistajansa kanssa kaudelle 2015 hyvin tuloksin. Sijoituksia kertyi nuorten hevosten luokista helppo A-tasolle asti 6\/7 kisasta. Kaudelle 2016 tavoitteena ovat vaativan tason luokat.<\/p>\n<p class=\"style10\" style=\"color: #000000;\">Tessa varsoi hienon tammavarsan <a title=\"Lacomtessa\" href=\"http:\/\/www.hevoniemi.com\/?page_id=97\">La Comtessa<\/a>\u00a0kes\u00e4ll\u00e4 2014.<\/p>\n","protected":false},"excerpt":{"rendered":"<p>Tamma Quintessa (Hannover) Eliittitamma, 2x1A palkinto Synt. 29.4.2009 Quintessa on todella pitk\u00e4jalkainen kaunotar jolla on aivan ihastuttava luonne! Sen is\u00e4 on Quaterback, em\u00e4 hannover-tamma Ricarda. Quintessa oli syksyn 2009 Hannover- kasvattajatapahtuman toiseksi paras varsa. Palkittu 1A-palkinnolla 2013 ja 2014. Tessa&#8230; <a class=\"more-link\" href=\"https:\/\/www.hevoniemi.com\/?page_id=103\">Continue Reading &rarr;<\/a><\/p>\n","protected":false},"author":1,"featured_media":0,"parent":15,"menu_order":0,"comment_status":"closed","ping_status":"closed","template":"","meta":{"footnotes":""},"class_list":["post-103","page","type-page","status-publish","hentry"],"_links":{"self":[{"href":"https:\/\/www.hevoniemi.com\/index.php?rest_route=\/wp\/v2\/pages\/103","targetHints":{"allow":["GET"]}}],"collection":[{"href":"https:\/\/www.hevoniemi.com\/index.php?rest_route=\/wp\/v2\/pages"}],"about":[{"href":"https:\/\/www.hevoniemi.com\/index.php?rest_route=\/wp\/v2\/types\/page"}],"author":[{"embeddable":true,"href":"https:\/\/www.hevoniemi.com\/index.php?rest_route=\/wp\/v2\/users\/1"}],"replies":[{"embeddable":true,"href":"https:\/\/www.hevoniemi.com\/index.php?rest_route=%2Fwp%2Fv2%2Fcomments&post=103"}],"version-history":[{"count":5,"href":"https:\/\/www.hevoniemi.com\/index.php?rest_route=\/wp\/v2\/pages\/103\/revisions"}],"predecessor-version":[{"id":328,"href":"https:\/\/www.hevoniemi.com\/index.php?rest_route=\/wp\/v2\/pages\/103\/revisions\/328"}],"up":[{"embeddable":true,"href":"https:\/\/www.hevoniemi.com\/index.php?rest_route=\/wp\/v2\/pages\/15"}],"wp:attachment":[{"href":"https:\/\/www.hevoniemi.com\/index.php?rest_route=%2Fwp%2Fv2%2Fmedia&parent=103"}],"curies":[{"name":"wp","href":"https:\/\/api.w.org\/{rel}","templated":true}]}}