{"id":101,"date":"2014-08-08T17:35:34","date_gmt":"2014-08-08T14:35:34","guid":{"rendered":"http:\/\/hevoniemi.mainostoimistomuu.fi\/?page_id=101"},"modified":"2014-08-21T20:02:09","modified_gmt":"2014-08-21T17:02:09","slug":"belfleur","status":"publish","type":"page","link":"https:\/\/www.hevoniemi.com\/?page_id=101","title":{"rendered":"Belfleur"},"content":{"rendered":"<h3><span style=\"color: #000000;\"><img loading=\"lazy\" decoding=\"async\" class=\"alignleft size-medium wp-image-76\" src=\"http:\/\/www.hevoniemi.com\/wp-content\/uploads\/2014\/07\/belfleur-300x225.jpg\" alt=\"\" width=\"300\" height=\"225\" srcset=\"https:\/\/www.hevoniemi.com\/wp-content\/uploads\/2014\/07\/belfleur-300x225.jpg 300w, https:\/\/www.hevoniemi.com\/wp-content\/uploads\/2014\/07\/belfleur-1024x768.jpg 1024w, https:\/\/www.hevoniemi.com\/wp-content\/uploads\/2014\/07\/belfleur-945x708.jpg 945w, https:\/\/www.hevoniemi.com\/wp-content\/uploads\/2014\/07\/belfleur-600x450.jpg 600w, https:\/\/www.hevoniemi.com\/wp-content\/uploads\/2014\/07\/belfleur.jpg 2048w\" sizes=\"auto, (max-width: 300px) 100vw, 300px\" \/>Tamma Belfleur (Hannover)<\/span><\/h3>\n<p><span style=\"color: #000000;\">Synt. 26.4.2010<\/span><\/p>\n<p class=\"style10\" style=\"color: #000000;\">Ruunikko, pitk\u00e4jalkainen kaunotar joka osaa my\u00f6s liikkua. Sen is\u00e4 on 300 pv:n oritestivoittaja<a href=\"http:\/\/landgestuetcelle.de\/cms\/front_content.php?client=1&amp;lang=1&amp;idcat=16&amp;idart=1125\" target=\"_blank\">\u00a0Bonifatius<\/a>, em\u00e4 hannover-tamma Ricarda.\u00a0Florassa on paljon t\u00e4ytt\u00e4 verta, todella mielenkiintoinen tamma jalostukseen ja ratsuk\u00e4ytt\u00f6\u00f6n! Luonteeltaan hyvin varovainen, yst\u00e4v\u00e4llinen ja korrekti.<\/p>\n<p class=\"style10\" style=\"color: #000000;\">\n<p class=\"style10\" style=\"color: #000000;\">Kasvattaja Miia Ojala, omistaja Heidi Hakala<\/p>\n<p class=\"style10\" style=\"color: #000000;\">\n","protected":false},"excerpt":{"rendered":"<p>Tamma Belfleur (Hannover) Synt. 26.4.2010 Ruunikko, pitk\u00e4jalkainen kaunotar joka osaa my\u00f6s liikkua. Sen is\u00e4 on 300 pv:n oritestivoittaja\u00a0Bonifatius, em\u00e4 hannover-tamma Ricarda.\u00a0Florassa on paljon t\u00e4ytt\u00e4 verta, todella mielenkiintoinen tamma jalostukseen ja ratsuk\u00e4ytt\u00f6\u00f6n! Luonteeltaan hyvin varovainen, yst\u00e4v\u00e4llinen ja korrekti. Kasvattaja Miia Ojala,&#8230; <a class=\"more-link\" href=\"https:\/\/www.hevoniemi.com\/?page_id=101\">Continue Reading &rarr;<\/a><\/p>\n","protected":false},"author":1,"featured_media":0,"parent":15,"menu_order":0,"comment_status":"closed","ping_status":"closed","template":"","meta":{"footnotes":""},"class_list":["post-101","page","type-page","status-publish","hentry"],"_links":{"self":[{"href":"https:\/\/www.hevoniemi.com\/index.php?rest_route=\/wp\/v2\/pages\/101","targetHints":{"allow":["GET"]}}],"collection":[{"href":"https:\/\/www.hevoniemi.com\/index.php?rest_route=\/wp\/v2\/pages"}],"about":[{"href":"https:\/\/www.hevoniemi.com\/index.php?rest_route=\/wp\/v2\/types\/page"}],"author":[{"embeddable":true,"href":"https:\/\/www.hevoniemi.com\/index.php?rest_route=\/wp\/v2\/users\/1"}],"replies":[{"embeddable":true,"href":"https:\/\/www.hevoniemi.com\/index.php?rest_route=%2Fwp%2Fv2%2Fcomments&post=101"}],"version-history":[{"count":5,"href":"https:\/\/www.hevoniemi.com\/index.php?rest_route=\/wp\/v2\/pages\/101\/revisions"}],"predecessor-version":[{"id":183,"href":"https:\/\/www.hevoniemi.com\/index.php?rest_route=\/wp\/v2\/pages\/101\/revisions\/183"}],"up":[{"embeddable":true,"href":"https:\/\/www.hevoniemi.com\/index.php?rest_route=\/wp\/v2\/pages\/15"}],"wp:attachment":[{"href":"https:\/\/www.hevoniemi.com\/index.php?rest_route=%2Fwp%2Fv2%2Fmedia&parent=101"}],"curies":[{"name":"wp","href":"https:\/\/api.w.org\/{rel}","templated":true}]}}